{"id":11244,"date":"2024-06-01T16:07:08","date_gmt":"2024-06-01T09:07:08","guid":{"rendered":"https:\/\/trangsports.com\/?post_type=product&#038;p=11244"},"modified":"2025-05-18T14:43:40","modified_gmt":"2025-05-18T07:43:40","slug":"vot-gamma-pickleball-doscovery-vang","status":"publish","type":"product","link":"https:\/\/trangsports.com\/en\/product\/vot-gamma-pickleball-doscovery-vang\/","title":{"rendered":"GAMMA PICKLEBALL DISCOVERY YELLOW"},"content":{"rendered":"","protected":false},"excerpt":{"rendered":"<p>V\u1ee3t Discovery ch\u1ea5t li\u1ec7u graphite h\u01b0\u1edbng t\u1edbi d\u1ea1ng v\u1ee3t v\u1edbi c\u00f4ng ngh\u1ec7 k\u00e9o d\u00e0i ra t\u1ea1o ra m\u1ed9t v\u00f9ng \u0111\u00e1nh chu\u1ea9n l\u1edbn, tho\u1ea3i m\u00e1i\u2026.v\u00e0 t\u0103ng s\u1ef1 kh\u00e9o l\u00e9o khi \u0111i\u1ec1u b\u00f3ng. Ho\u00e0n h\u1ea3o \u0111\u1ed1i ph\u00f3 v\/ nh\u1eefng t\u00ecnh hu\u1ed1ng b\u00f3ng th\u1ea5p, c\u1eaft xo\u00e1y b\u00f3ng\u2026v\u00e0 c\u1ee9u nh\u1eefng \u0111\u01b0\u1eddng b\u00f3ng xa t\u1ea7m tay. L\u00f5i polymer l\u00e0m t\u1ed1i thi\u1ec3u h\u00f3a s\u1ed1c (gi\u1ea3m s\u1ed1c) trong khi m\u1eb7t v\u1ee3t = ch\u1ea5t li\u1ec7u graphite t\u0103ng s\u1ef1 ph\u1ea3n \u1ee9ng v\u00e0 t\u1ed1c \u0111\u1ed9 trong m\u1ed7i c\u00fa \u0111\u00e1nh.<\/p>\n<p>Da c\u00e1n v\u1ee3t \u201cGamma Signature\u201d d\u1ea1ng t\u1ed5 ong t\u1ea1o ra s\u1ef1 tho\u1ea3i m\u00e1i, \u00eam tay. S\u1ef1 l\u1ef1a ch\u1ecdn tuy\u1ec7t v\u1eddi cho V\u0110V m\u1ecdi \u0111\u1eb3ng c\u1ea5p.<\/p>\n<p>Tr\u1ecdng l\u01b0\u1ee3ng trung b\u00ecnh: 8.0 oz ~ 227 grams.<\/p>\n<p>Ch\u1ea5t li\u1ec7u l\u00f5i: l\u00f5i Polypropylene.<\/p>\n<p>B\u1ec1 m\u1eb7t v\u1ee3t: s\u1ee3i graphite.<\/p>\n<p>B\u1ec1 d\u1ea7y v\u1ee3t: \u00bd inches = 13mm<\/p>\n<p>Chi\u1ec1u d\u00e0i: 16-5\/8&#8243; ~ 42.2cm.<\/p>\n<p>B\u1ec1 ngang m\u1eb7t v\u1ee3t: 7-1\/8 inches ~ 18.1cm.<\/p>\n<p>Chi\u1ec1u d\u00e0i c\u00e1n v\u1ee3t: 4.5\u201d ~ 11.43cm.<\/p>\n<p>Size c\u00e1n v\u1ee3t: 4-1\/8\u201d.<\/p>\n<p>DA C\u00c1N V\u1ee2T: D\u1ea0NG T\u1ed4 ONG.<\/p>\n<p><strong>\u00a0<\/strong><\/p>\n","protected":false},"featured_media":11245,"comment_status":"open","ping_status":"closed","template":"","meta":[],"product_cat":[130],"product_tag":[],"_links":{"self":[{"href":"https:\/\/trangsports.com\/en\/wp-json\/wp\/v2\/product\/11244"}],"collection":[{"href":"https:\/\/trangsports.com\/en\/wp-json\/wp\/v2\/product"}],"about":[{"href":"https:\/\/trangsports.com\/en\/wp-json\/wp\/v2\/types\/product"}],"replies":[{"embeddable":true,"href":"https:\/\/trangsports.com\/en\/wp-json\/wp\/v2\/comments?post=11244"}],"wp:featuredmedia":[{"embeddable":true,"href":"https:\/\/trangsports.com\/en\/wp-json\/wp\/v2\/media\/11245"}],"wp:attachment":[{"href":"https:\/\/trangsports.com\/en\/wp-json\/wp\/v2\/media?parent=11244"}],"wp:term":[{"taxonomy":"product_cat","embeddable":true,"href":"https:\/\/trangsports.com\/en\/wp-json\/wp\/v2\/product_cat?post=11244"},{"taxonomy":"product_tag","embeddable":true,"href":"https:\/\/trangsports.com\/en\/wp-json\/wp\/v2\/product_tag?post=11244"}],"curies":[{"name":"wp","href":"https:\/\/api.w.org\/{rel}","templated":true}]}}