{"id":10989,"date":"2023-10-01T14:10:55","date_gmt":"2023-10-01T07:10:55","guid":{"rendered":"https:\/\/trangsports.com\/?post_type=product&#038;p=10989"},"modified":"2025-11-18T14:51:22","modified_gmt":"2025-11-18T07:51:22","slug":"bang-mac-ca-ho-tro-co-day-dai-965lg","status":"publish","type":"product","link":"https:\/\/trangsports.com\/en\/product\/bang-mac-ca-ho-tro-co-day-dai-965lg\/","title":{"rendered":"(Ti\u1ebfng Vi\u1ec7t) B\u0102NG M\u1eaeC C\u00c1 H\u1ed4 TR\u1ee2 C\u00d3 D\u00c2Y \u0110AI 965 LG"},"content":{"rendered":"","protected":false},"excerpt":{"rendered":"<p>.<\/p>\n<p><span style=\"font-size: 11.0pt;font-family: 'Arial',sans-serif;color: #555555\">H\u1ed5 tr\u1ee3 m\u1eafc c\u00e1 y\u1ebfu, b\u1ecb ch\u1ea5n th\u01b0\u01a1ng, tr\u1eadt kh\u1edbp, b\u1ecb th\u01b0\u01a1ng&#8230;.tr\u1ecb vi\u00eam kh\u1edbp m\u1eafc c\u00e1\u2026.<\/span><\/p>\n<p><span style=\"font-size: 11.0pt;font-family: 'Arial',sans-serif;color: #555555\">\u0110\u1ed9 h\u1ed5 tr\u1ee3: trung b\u00ecnh.<\/span><\/p>\n<p><span style=\"font-size: 11.0pt;font-family: 'Arial',sans-serif;color: #555555\">D\u00e2y \u0111ai ch\u00e9o nhau t\u0103ng c\u01b0\u1eddng s\u1ef1 \u1ed5n \u0111\u1ecbnh khi d\u00e1n.<\/span><\/p>\n<p><span style=\"font-size: 11.0pt;font-family: 'Arial',sans-serif;color: #555555\">C\u1ef1c nh\u1eb9 nh\u01b0 ko mang. L\u01b0u gi\u1eef th\u00e2n nhi\u1ec7t t\u1ea1o s\u1ef1 \u1ea5m \u00e1p d\u1ec5 ch\u1ecbu.<\/span><\/p>\n<p><span style=\"font-size: 11.0pt;font-family: 'Arial',sans-serif;color: #555555\">B\u0103ng m\u1edf \u1edf g\u00f3t \u0111\u1ec3 ch\u1eafc ch\u1eafn cho \u0111\u1ed9 mang v\u1eeba kh\u00edt.<\/span><\/p>\n<p><span style=\"font-size: 11.0pt;font-family: 'Arial',sans-serif;color: #555555\">\u00a0<\/span><\/p>\n","protected":false},"featured_media":11067,"comment_status":"open","ping_status":"closed","template":"","meta":[],"product_cat":[37,72],"product_tag":[],"_links":{"self":[{"href":"https:\/\/trangsports.com\/en\/wp-json\/wp\/v2\/product\/10989"}],"collection":[{"href":"https:\/\/trangsports.com\/en\/wp-json\/wp\/v2\/product"}],"about":[{"href":"https:\/\/trangsports.com\/en\/wp-json\/wp\/v2\/types\/product"}],"replies":[{"embeddable":true,"href":"https:\/\/trangsports.com\/en\/wp-json\/wp\/v2\/comments?post=10989"}],"wp:featuredmedia":[{"embeddable":true,"href":"https:\/\/trangsports.com\/en\/wp-json\/wp\/v2\/media\/11067"}],"wp:attachment":[{"href":"https:\/\/trangsports.com\/en\/wp-json\/wp\/v2\/media?parent=10989"}],"wp:term":[{"taxonomy":"product_cat","embeddable":true,"href":"https:\/\/trangsports.com\/en\/wp-json\/wp\/v2\/product_cat?post=10989"},{"taxonomy":"product_tag","embeddable":true,"href":"https:\/\/trangsports.com\/en\/wp-json\/wp\/v2\/product_tag?post=10989"}],"curies":[{"name":"wp","href":"https:\/\/api.w.org\/{rel}","templated":true}]}}